{"id":100,"date":"2017-05-09T09:37:22","date_gmt":"2017-05-09T07:37:22","guid":{"rendered":"http:\/\/pimeo.org.pl\/?page_id=100"},"modified":"2017-05-10T19:18:13","modified_gmt":"2017-05-10T17:18:13","slug":"o-pimeo","status":"publish","type":"page","link":"https:\/\/pimeo.org.pl\/index.php\/pimeo\/o-pimeo\/","title":{"rendered":"Spotkanie za\u0142o\u017cycielskie"},"content":{"rendered":"<p>Dzi\u0119ki dzia\u0142aniom grupy inicjatywnej w dniu 15 grudnia 2016r. w Ciechocinku odby\u0142o si\u0119 spotkanie za\u0142o\u017cycielskie Polskiej Izby Ma\u0142ej Energetyki Odnawialnej.<\/p>\n<p>Lista cz\u0142onk\u00f3w za\u0142o\u017cycieli obejmuje 112 podmiot\u00f3w gospodarczych zwi\u0105zanych z bran\u017c\u0105 OZE w Polsce.<\/p>\n","protected":false},"excerpt":{"rendered":"<p>Dzi\u0119ki dzia\u0142aniom grupy inicjatywnej w dniu 15 grudnia 2016r. w Ciechocinku odby\u0142o si\u0119 spotkanie za\u0142o\u017cycielskie Polskiej Izby Ma\u0142ej Energetyki Odnawialnej. Lista cz\u0142onk\u00f3w za\u0142o\u017cycieli obejmuje 112 podmiot\u00f3w gospodarczych zwi\u0105zanych z bran\u017c\u0105 OZE w Polsce.<\/p>\n","protected":false},"author":1,"featured_media":0,"parent":81,"menu_order":0,"comment_status":"closed","ping_status":"closed","template":"","meta":[],"_links":{"self":[{"href":"https:\/\/pimeo.org.pl\/index.php\/wp-json\/wp\/v2\/pages\/100"}],"collection":[{"href":"https:\/\/pimeo.org.pl\/index.php\/wp-json\/wp\/v2\/pages"}],"about":[{"href":"https:\/\/pimeo.org.pl\/index.php\/wp-json\/wp\/v2\/types\/page"}],"author":[{"embeddable":true,"href":"https:\/\/pimeo.org.pl\/index.php\/wp-json\/wp\/v2\/users\/1"}],"replies":[{"embeddable":true,"href":"https:\/\/pimeo.org.pl\/index.php\/wp-json\/wp\/v2\/comments?post=100"}],"version-history":[{"count":5,"href":"https:\/\/pimeo.org.pl\/index.php\/wp-json\/wp\/v2\/pages\/100\/revisions"}],"predecessor-version":[{"id":287,"href":"https:\/\/pimeo.org.pl\/index.php\/wp-json\/wp\/v2\/pages\/100\/revisions\/287"}],"up":[{"embeddable":true,"href":"https:\/\/pimeo.org.pl\/index.php\/wp-json\/wp\/v2\/pages\/81"}],"wp:attachment":[{"href":"https:\/\/pimeo.org.pl\/index.php\/wp-json\/wp\/v2\/media?parent=100"}],"curies":[{"name":"wp","href":"https:\/\/api.w.org\/{rel}","templated":true}]}}