{"id":121,"date":"2017-05-09T09:52:34","date_gmt":"2017-05-09T07:52:34","guid":{"rendered":"http:\/\/pimeo.org.pl\/?page_id=121"},"modified":"2018-01-03T08:27:40","modified_gmt":"2018-01-03T07:27:40","slug":"aktualny-stan-izby","status":"publish","type":"page","link":"https:\/\/pimeo.org.pl\/index.php\/pimeo\/aktualny-stan-izby\/","title":{"rendered":"Aktualny stan Izby"},"content":{"rendered":"<p>Aktualny stan PIMEO obejmuje:<\/p>\n<p>liczba cz\u0142onk\u00f3w: <strong>210<\/strong><\/p>\n<p>liczba \u017ar\u00f3de\u0142 wytw\u00f3rczych: <strong>336<\/strong><\/p>\n<p>moc ca\u0142kowita \u017ar\u00f3de\u0142 w izbie: <strong>356 MW<\/strong><\/p>\n<p>wg stanu z dnia: 03.01.2018<\/p>\n","protected":false},"excerpt":{"rendered":"<p>Aktualny stan PIMEO obejmuje: liczba cz\u0142onk\u00f3w: 210 liczba \u017ar\u00f3de\u0142 wytw\u00f3rczych: 336 moc ca\u0142kowita \u017ar\u00f3de\u0142 w izbie: 356 MW wg stanu z dnia: 03.01.2018<\/p>\n","protected":false},"author":1,"featured_media":0,"parent":81,"menu_order":4,"comment_status":"closed","ping_status":"closed","template":"","meta":[],"_links":{"self":[{"href":"https:\/\/pimeo.org.pl\/index.php\/wp-json\/wp\/v2\/pages\/121"}],"collection":[{"href":"https:\/\/pimeo.org.pl\/index.php\/wp-json\/wp\/v2\/pages"}],"about":[{"href":"https:\/\/pimeo.org.pl\/index.php\/wp-json\/wp\/v2\/types\/page"}],"author":[{"embeddable":true,"href":"https:\/\/pimeo.org.pl\/index.php\/wp-json\/wp\/v2\/users\/1"}],"replies":[{"embeddable":true,"href":"https:\/\/pimeo.org.pl\/index.php\/wp-json\/wp\/v2\/comments?post=121"}],"version-history":[{"count":6,"href":"https:\/\/pimeo.org.pl\/index.php\/wp-json\/wp\/v2\/pages\/121\/revisions"}],"predecessor-version":[{"id":331,"href":"https:\/\/pimeo.org.pl\/index.php\/wp-json\/wp\/v2\/pages\/121\/revisions\/331"}],"up":[{"embeddable":true,"href":"https:\/\/pimeo.org.pl\/index.php\/wp-json\/wp\/v2\/pages\/81"}],"wp:attachment":[{"href":"https:\/\/pimeo.org.pl\/index.php\/wp-json\/wp\/v2\/media?parent=121"}],"curies":[{"name":"wp","href":"https:\/\/api.w.org\/{rel}","templated":true}]}}