{"id":142,"date":"2017-05-09T09:56:44","date_gmt":"2017-05-09T07:56:44","guid":{"rendered":"http:\/\/pimeo.org.pl\/?page_id=142"},"modified":"2017-07-25T18:04:12","modified_gmt":"2017-07-25T16:04:12","slug":"miesiecznik-nasza-zielona-energia","status":"publish","type":"page","link":"https:\/\/pimeo.org.pl\/index.php\/miesiecznik-nasza-zielona-energia\/","title":{"rendered":"Nasza Zielona Energia"},"content":{"rendered":"<h2>Miesi\u0119cznik Polskiej Izby Ma\u0142ej Energetyki Odnawialnej<\/h2>\n<ul>\n<li>\n<div>\n<h3>Numer 2 &#8211; Maj 2017<\/h3>\n<p><a href=\"http:\/\/pimeo.org.pl\/wp-content\/uploads\/2017\/07\/NaszaZielonaEnergia052017.pdf\"><br \/>\n<img loading=\"lazy\" src=\"http:\/\/pimeo.org.pl\/wp-content\/uploads\/2017\/07\/NaszaZielonaEnergia052017okladka.png\" alt=\"Pobierz plik .pdf\" width=\"397\" height=\"561\" \/><br \/>\n<\/a><\/p>\n<\/div>\n<\/li>\n<li>\n<div>\n<h3>Numer 1 &#8211; Kwiecie\u0144 2017<\/h3>\n<p><a href=\"http:\/\/pimeo.org.pl\/wp-content\/uploads\/2017\/05\/NaszaZielonaEnergia.pdf\"><br \/>\n<img loading=\"lazy\" src=\"http:\/\/pimeo.org.pl\/wp-content\/uploads\/2017\/05\/naszazielonaenergia.png\" alt=\"Pobierz plik .pdf\" width=\"397\" height=\"561\" \/><br \/>\n<\/a><\/p>\n<\/div>\n<\/li>\n<\/ul>\n","protected":false},"excerpt":{"rendered":"<p>Miesi\u0119cznik Polskiej Izby Ma\u0142ej Energetyki Odnawialnej Numer 2 &#8211; Maj 2017 Numer 1 &#8211; Kwiecie\u0144 2017<\/p>\n","protected":false},"author":1,"featured_media":0,"parent":0,"menu_order":2,"comment_status":"closed","ping_status":"closed","template":"","meta":[],"_links":{"self":[{"href":"https:\/\/pimeo.org.pl\/index.php\/wp-json\/wp\/v2\/pages\/142"}],"collection":[{"href":"https:\/\/pimeo.org.pl\/index.php\/wp-json\/wp\/v2\/pages"}],"about":[{"href":"https:\/\/pimeo.org.pl\/index.php\/wp-json\/wp\/v2\/types\/page"}],"author":[{"embeddable":true,"href":"https:\/\/pimeo.org.pl\/index.php\/wp-json\/wp\/v2\/users\/1"}],"replies":[{"embeddable":true,"href":"https:\/\/pimeo.org.pl\/index.php\/wp-json\/wp\/v2\/comments?post=142"}],"version-history":[{"count":30,"href":"https:\/\/pimeo.org.pl\/index.php\/wp-json\/wp\/v2\/pages\/142\/revisions"}],"predecessor-version":[{"id":325,"href":"https:\/\/pimeo.org.pl\/index.php\/wp-json\/wp\/v2\/pages\/142\/revisions\/325"}],"wp:attachment":[{"href":"https:\/\/pimeo.org.pl\/index.php\/wp-json\/wp\/v2\/media?parent=142"}],"curies":[{"name":"wp","href":"https:\/\/api.w.org\/{rel}","templated":true}]}}