{"id":146,"date":"2017-05-09T10:05:56","date_gmt":"2017-05-09T08:05:56","guid":{"rendered":"http:\/\/pimeo.org.pl\/?page_id=146"},"modified":"2017-05-10T19:17:02","modified_gmt":"2017-05-10T17:17:02","slug":"start","status":"publish","type":"page","link":"https:\/\/pimeo.org.pl\/","title":{"rendered":"Polska Izba Ma\u0142ej Energetyki Odnawialnej"},"content":{"rendered":"<p><img loading=\"lazy\" class=\"alignleft wp-image-203\" src=\"http:\/\/pimeo.org.pl\/wp-content\/uploads\/2017\/05\/logo-PIMEO-150x150.png\" alt=\"\" width=\"193\" height=\"193\" srcset=\"https:\/\/pimeo.org.pl\/wp-content\/uploads\/2017\/05\/logo-PIMEO-150x150.png 150w, https:\/\/pimeo.org.pl\/wp-content\/uploads\/2017\/05\/logo-PIMEO-300x300.png 300w, https:\/\/pimeo.org.pl\/wp-content\/uploads\/2017\/05\/logo-PIMEO-768x768.png 768w, https:\/\/pimeo.org.pl\/wp-content\/uploads\/2017\/05\/logo-PIMEO.png 773w\" sizes=\"(max-width: 193px) 100vw, 193px\" \/><strong>Polska Izba Ma\u0142ej Energetyki Odnawialnej, zwana dalej &#8222;Izb\u0105&#8221; jest organizacj\u0105 samorz\u0105du gospodarczego, reprezentuj\u0105c\u0105 interesy gospodarcze zrzeszonych w niej prze<\/strong><strong>dsi\u0119biorc\u00f3w w zakresie ich dzia\u0142alno\u015bci w szczeg\u00f3lno\u015bci wobec organ\u00f3w pa\u0144stwowych i samorz\u0105dowych.<\/strong><\/p>\n<p>Izba dzia\u0142a na podstawie ustawy o izbach gospodarczych oraz statutu i posiada osobowo\u015b\u0107 prawn\u0105.<\/p>\n<p>W relacjach zagranicznych Izba jest uprawniona do pos\u0142ugiwania si\u0119 nazw\u0105 Polish Chamber of Small Renewable Energy.<\/p>\n<p>Izba mo\u017ce pos\u0142ugiwa\u0107 si\u0119 wyr\u00f3\u017cniaj\u0105cym j\u0105 znakiem graficznym i tekstowym oraz nazw\u0105 skr\u00f3con\u0105 PIMEO. Izba mo\u017ce u\u017cywa\u0107 piecz\u0119ci z napisem Polska Izba Ma\u0142ej Energetyki Odnawialnej i\/lub Polish Chamber of Small Renewable Energy.<\/p>\n<p><strong>Izba zrzesza przedsi\u0119biorc\u00f3w prowadz\u0105cych dzia\u0142alno\u015b\u0107 gospodarcz\u0105 w zakresie zwi\u0105zanym z rynkiem energii odnawialnej, w tym produkcji, us\u0142ug, obrotu energi\u0105 odnawialn\u0105, bez wzgl\u0119du na form\u0119 w\u0142asno\u015bci i form\u0119 organizacyjn\u0105.<\/strong><\/p>\n<p>Siedzib\u0105 Izby jest m.st. Warszawa. Izba dzia\u0142a na obszarze Rzeczpospolitej Polskiej. Mo\u017ce tak\u017ce podejmowa\u0107 dzia\u0142ania za granic\u0105.<\/p>\n<p>Izba zosta\u0142a powo\u0142ana na czas nieokre\u015blony.<\/p>\n<p>Izba mo\u017ce powo\u0142ywa\u0107 filie, przedstawicielstwa i oddzia\u0142y, a tak\u017ce inne jednostki organizacyjne w kraju i za granic\u0105 oraz mo\u017ce przyst\u0119powa\u0107 do innych organizacji, izb, fundacji itp. prowadz\u0105cych dzia\u0142alno\u015b\u0107 zbie\u017cn\u0105 z celami Izby, maj\u0105cych siedzib\u0119 w kraju lub za granic\u0105.<\/p>\n<p>&nbsp;<\/p>\n","protected":false},"excerpt":{"rendered":"<p>Polska Izba Ma\u0142ej Energetyki Odnawialnej, zwana dalej &#8222;Izb\u0105&#8221; jest organizacj\u0105 samorz\u0105du gospodarczego, reprezentuj\u0105c\u0105 interesy gospodarcze zrzeszonych w niej przedsi\u0119biorc\u00f3w w zakresie ich dzia\u0142alno\u015bci w szczeg\u00f3lno\u015bci wobec organ\u00f3w pa\u0144stwowych i samorz\u0105dowych. Izba dzia\u0142a na podstawie ustawy o izbach gospodarczych oraz statutu i posiada osobowo\u015b\u0107 prawn\u0105. W relacjach zagranicznych Izba jest uprawniona do pos\u0142ugiwania si\u0119 nazw\u0105 Polish &#8230; <a title=\"Polska Izba Ma\u0142ej Energetyki Odnawialnej\" class=\"read-more\" href=\"https:\/\/pimeo.org.pl\/\" aria-label=\"More on Polska Izba Ma\u0142ej Energetyki Odnawialnej\">Czytaj dalej<\/a><\/p>\n","protected":false},"author":1,"featured_media":0,"parent":0,"menu_order":0,"comment_status":"closed","ping_status":"closed","template":"","meta":[],"_links":{"self":[{"href":"https:\/\/pimeo.org.pl\/index.php\/wp-json\/wp\/v2\/pages\/146"}],"collection":[{"href":"https:\/\/pimeo.org.pl\/index.php\/wp-json\/wp\/v2\/pages"}],"about":[{"href":"https:\/\/pimeo.org.pl\/index.php\/wp-json\/wp\/v2\/types\/page"}],"author":[{"embeddable":true,"href":"https:\/\/pimeo.org.pl\/index.php\/wp-json\/wp\/v2\/users\/1"}],"replies":[{"embeddable":true,"href":"https:\/\/pimeo.org.pl\/index.php\/wp-json\/wp\/v2\/comments?post=146"}],"version-history":[{"count":15,"href":"https:\/\/pimeo.org.pl\/index.php\/wp-json\/wp\/v2\/pages\/146\/revisions"}],"predecessor-version":[{"id":286,"href":"https:\/\/pimeo.org.pl\/index.php\/wp-json\/wp\/v2\/pages\/146\/revisions\/286"}],"wp:attachment":[{"href":"https:\/\/pimeo.org.pl\/index.php\/wp-json\/wp\/v2\/media?parent=146"}],"curies":[{"name":"wp","href":"https:\/\/api.w.org\/{rel}","templated":true}]}}