{"id":343,"date":"2018-06-06T12:35:40","date_gmt":"2018-06-06T10:35:40","guid":{"rendered":"http:\/\/pimeo.org.pl\/?page_id=343"},"modified":"2021-09-20T10:44:07","modified_gmt":"2021-09-20T08:44:07","slug":"pimeo-obrot-sp-z-o-o","status":"publish","type":"page","link":"https:\/\/pimeo.org.pl\/index.php\/pimeo-obrot-sp-z-o-o\/","title":{"rendered":"PIMEO OBR\u00d3T SP. Z O.O."},"content":{"rendered":"<p><img loading=\"lazy\" class=\"alignleft wp-image-203\" src=\"http:\/\/pimeo.org.pl\/wp-content\/uploads\/2017\/05\/logo-PIMEO-150x150.png\" alt=\"\" width=\"193\" height=\"193\" srcset=\"https:\/\/pimeo.org.pl\/wp-content\/uploads\/2017\/05\/logo-PIMEO-150x150.png 150w, https:\/\/pimeo.org.pl\/wp-content\/uploads\/2017\/05\/logo-PIMEO-300x300.png 300w, https:\/\/pimeo.org.pl\/wp-content\/uploads\/2017\/05\/logo-PIMEO-768x768.png 768w, https:\/\/pimeo.org.pl\/wp-content\/uploads\/2017\/05\/logo-PIMEO.png 773w\" sizes=\"(max-width: 193px) 100vw, 193px\" \/> Inicjatyw\u0105 wytw\u00f3rc\u00f3w zrzeszonych w Polskiej Izbie Ma\u0142ej Energetyki Odnawialnej powo\u0142ana zosta\u0142a do \u017cycia PIMEO Obr\u00f3t sp. z o.o., kt\u00f3ra docelowo ma sta\u0107 si\u0119 sp\u00f3\u0142k\u0105 obrotu energi\u0105 elektryczn\u0105 i pe\u0142ni\u0107 funkcj\u0119 grupy sprzeda\u017cowej.<\/p>\n<p>Celem dzia\u0142alno\u015bci Sp\u00f3\u0142ki jest koncentracja poda\u017cy energii elektrycznej, pochodz\u0105cej z odnawialnych \u017ar\u00f3de\u0142 energii o ma\u0142ej mocy, wytwarzanej przez podmioty b\u0119d\u0105ce jej udzia\u0142owcami.<\/p>\n<p>Podstawowe dane PIMEO Obr\u00f3t sp. z o.o.:<br \/>\nNumer KRS: \u00a0\u00a0 0000712008<br \/>\nNIP: \u00a0\u00a0 5272834532<br \/>\nREGON: \u00a0\u00a0 369291550<\/p>\n<p>Adres: 00-867 Warszawa, al. Jana Paw\u0142a II 27<br \/>\nPrezes Zarz\u0105du: Miros\u0142aw Kulak<\/p>\n<p>e-mail: obrot@pimeo.org.pl<br \/>\ntel: +48 727 557 055<\/p>\n","protected":false},"excerpt":{"rendered":"<p>Inicjatyw\u0105 wytw\u00f3rc\u00f3w zrzeszonych w Polskiej Izbie Ma\u0142ej Energetyki Odnawialnej powo\u0142ana zosta\u0142a do \u017cycia PIMEO Obr\u00f3t sp. z o.o., kt\u00f3ra docelowo ma sta\u0107 si\u0119 sp\u00f3\u0142k\u0105 obrotu energi\u0105 elektryczn\u0105 i pe\u0142ni\u0107 funkcj\u0119 grupy sprzeda\u017cowej. Celem dzia\u0142alno\u015bci Sp\u00f3\u0142ki jest koncentracja poda\u017cy energii elektrycznej, pochodz\u0105cej z odnawialnych \u017ar\u00f3de\u0142 energii o ma\u0142ej mocy, wytwarzanej przez podmioty b\u0119d\u0105ce jej udzia\u0142owcami. Podstawowe &#8230; <a title=\"PIMEO OBR\u00d3T SP. Z O.O.\" class=\"read-more\" href=\"https:\/\/pimeo.org.pl\/index.php\/pimeo-obrot-sp-z-o-o\/\" aria-label=\"More on PIMEO OBR\u00d3T SP. Z O.O.\">Czytaj dalej<\/a><\/p>\n","protected":false},"author":1,"featured_media":0,"parent":0,"menu_order":4,"comment_status":"closed","ping_status":"closed","template":"","meta":[],"_links":{"self":[{"href":"https:\/\/pimeo.org.pl\/index.php\/wp-json\/wp\/v2\/pages\/343"}],"collection":[{"href":"https:\/\/pimeo.org.pl\/index.php\/wp-json\/wp\/v2\/pages"}],"about":[{"href":"https:\/\/pimeo.org.pl\/index.php\/wp-json\/wp\/v2\/types\/page"}],"author":[{"embeddable":true,"href":"https:\/\/pimeo.org.pl\/index.php\/wp-json\/wp\/v2\/users\/1"}],"replies":[{"embeddable":true,"href":"https:\/\/pimeo.org.pl\/index.php\/wp-json\/wp\/v2\/comments?post=343"}],"version-history":[{"count":10,"href":"https:\/\/pimeo.org.pl\/index.php\/wp-json\/wp\/v2\/pages\/343\/revisions"}],"predecessor-version":[{"id":367,"href":"https:\/\/pimeo.org.pl\/index.php\/wp-json\/wp\/v2\/pages\/343\/revisions\/367"}],"wp:attachment":[{"href":"https:\/\/pimeo.org.pl\/index.php\/wp-json\/wp\/v2\/media?parent=343"}],"curies":[{"name":"wp","href":"https:\/\/api.w.org\/{rel}","templated":true}]}}