{"id":67,"date":"2017-05-09T09:08:36","date_gmt":"2017-05-09T07:08:36","guid":{"rendered":"http:\/\/pimeo.org.pl\/?page_id=67"},"modified":"2024-12-13T11:37:57","modified_gmt":"2024-12-13T10:37:57","slug":"kontakt","status":"publish","type":"page","link":"https:\/\/pimeo.org.pl\/index.php\/kontakt\/","title":{"rendered":"Kontakt"},"content":{"rendered":"<p>POLSKA IZBA MA\u0141EJ ENERGETYKI ODNAWIALNEJ (PIMEO)<\/p>\n<p>KRS: 0000665396<br \/>\nREGON: 366805295, NIP: 5252703560<\/p>\n<p>adres: 00-867 Warszawa, al. Jana Paw\u0142a II 27<\/p>\n<p>Miros\u0142aw Kulak<br \/>\nPrezes PIMEO<br \/>\ntel: +48 661 955 666, +48 601 326 721<\/p>\n<p>email: biuro@pimeo.org.pl<\/p>\n<p>Agnieszka Majewska-Kulak<br \/>\ntel. +48 727 557 055<\/p>\n<p>email: obrot@pimeo.org.pl<\/p>\n<p>konto bankowe:<br \/>\nBank PEKAO S.A. o\/ Zdu\u0144ska Wola<br \/>\n16 1240 3305 1111 0010 7278 9680<\/p>\n","protected":false},"excerpt":{"rendered":"<p>POLSKA IZBA MA\u0141EJ ENERGETYKI ODNAWIALNEJ (PIMEO) KRS: 0000665396 REGON: 366805295, NIP: 5252703560 adres: 00-867 Warszawa, al. Jana Paw\u0142a II 27 Miros\u0142aw Kulak Prezes PIMEO tel: +48 661 955 666, +48 601 326 721 email: biuro@pimeo.org.pl Agnieszka Majewska-Kulak tel. +48 727 557 055 email: obrot@pimeo.org.pl konto bankowe: Bank PEKAO S.A. o\/ Zdu\u0144ska Wola 16 1240 3305 &#8230; <a title=\"Kontakt\" class=\"read-more\" href=\"https:\/\/pimeo.org.pl\/index.php\/kontakt\/\" aria-label=\"More on Kontakt\">Czytaj dalej<\/a><\/p>\n","protected":false},"author":1,"featured_media":0,"parent":0,"menu_order":3,"comment_status":"closed","ping_status":"closed","template":"","meta":[],"_links":{"self":[{"href":"https:\/\/pimeo.org.pl\/index.php\/wp-json\/wp\/v2\/pages\/67"}],"collection":[{"href":"https:\/\/pimeo.org.pl\/index.php\/wp-json\/wp\/v2\/pages"}],"about":[{"href":"https:\/\/pimeo.org.pl\/index.php\/wp-json\/wp\/v2\/types\/page"}],"author":[{"embeddable":true,"href":"https:\/\/pimeo.org.pl\/index.php\/wp-json\/wp\/v2\/users\/1"}],"replies":[{"embeddable":true,"href":"https:\/\/pimeo.org.pl\/index.php\/wp-json\/wp\/v2\/comments?post=67"}],"version-history":[{"count":8,"href":"https:\/\/pimeo.org.pl\/index.php\/wp-json\/wp\/v2\/pages\/67\/revisions"}],"predecessor-version":[{"id":377,"href":"https:\/\/pimeo.org.pl\/index.php\/wp-json\/wp\/v2\/pages\/67\/revisions\/377"}],"wp:attachment":[{"href":"https:\/\/pimeo.org.pl\/index.php\/wp-json\/wp\/v2\/media?parent=67"}],"curies":[{"name":"wp","href":"https:\/\/api.w.org\/{rel}","templated":true}]}}