{"id":91,"date":"2017-05-09T09:22:48","date_gmt":"2017-05-09T07:22:48","guid":{"rendered":"http:\/\/pimeo.org.pl\/?page_id=91"},"modified":"2021-09-20T10:36:22","modified_gmt":"2021-09-20T08:36:22","slug":"dokumenty","status":"publish","type":"page","link":"https:\/\/pimeo.org.pl\/index.php\/pimeo\/dokumenty\/","title":{"rendered":"Dokumenty"},"content":{"rendered":"<p><a style=\"text-decoration: none; color: black;\" href=\"http:\/\/pimeo.org.pl\/wp-content\/uploads\/2017\/05\/POLSKA-IZBA-MA\u0141EJ-ENERGETYKI-ODNAWIALNEJ-deklaracja.docx\"><img loading=\"lazy\" class=\"size-full wp-image-260\" src=\"http:\/\/pimeo.org.pl\/wp-content\/uploads\/2017\/05\/document.png\" alt=\"\" width=\"24\" height=\"24\" align=\"top\" \/>\u00a0 Deklaracja cz\u0142onkowska <em>(plik .docx)<\/em><\/a><\/p>\n<p><a style=\"text-decoration: none; color: black;\" href=\"http:\/\/pimeo.org.pl\/wp-content\/uploads\/2017\/05\/status-PIMEO.pdf\"><img loading=\"lazy\" class=\"size-full wp-image-260\" src=\"http:\/\/pimeo.org.pl\/wp-content\/uploads\/2017\/05\/document.png\" alt=\"\" width=\"24\" height=\"24\" align=\"top\" \/>\u00a0 Statut PIMEO\u00a0 <em>(plik .pdf)<\/em><\/a><\/p>\n<p><a style=\"text-decoration: none; color: black;\" href=\"http:\/\/pimeo.org.pl\/wp-content\/uploads\/2018\/02\/Ankieta-PIMEO-dla-\u017ar\u00f3d\u0142a-wytw\u00f3rczego-OZE.docx\"><img loading=\"lazy\" class=\"size-full wp-image-260\" src=\"http:\/\/pimeo.org.pl\/wp-content\/uploads\/2017\/05\/document.png\" alt=\"\" width=\"24\" height=\"24\" align=\"top\" \/>\u00a0 Ankieta PIMEO dla \u017ar\u00f3d\u0142a wytw\u00f3rczego OZE (plik .docx) <\/a><\/p>\n","protected":false},"excerpt":{"rendered":"<p>\u00a0 Deklaracja cz\u0142onkowska (plik .docx) \u00a0 Statut PIMEO\u00a0 (plik .pdf) \u00a0 Ankieta PIMEO dla \u017ar\u00f3d\u0142a wytw\u00f3rczego OZE (plik .docx)<\/p>\n","protected":false},"author":1,"featured_media":0,"parent":81,"menu_order":3,"comment_status":"closed","ping_status":"closed","template":"","meta":[],"_links":{"self":[{"href":"https:\/\/pimeo.org.pl\/index.php\/wp-json\/wp\/v2\/pages\/91"}],"collection":[{"href":"https:\/\/pimeo.org.pl\/index.php\/wp-json\/wp\/v2\/pages"}],"about":[{"href":"https:\/\/pimeo.org.pl\/index.php\/wp-json\/wp\/v2\/types\/page"}],"author":[{"embeddable":true,"href":"https:\/\/pimeo.org.pl\/index.php\/wp-json\/wp\/v2\/users\/1"}],"replies":[{"embeddable":true,"href":"https:\/\/pimeo.org.pl\/index.php\/wp-json\/wp\/v2\/comments?post=91"}],"version-history":[{"count":10,"href":"https:\/\/pimeo.org.pl\/index.php\/wp-json\/wp\/v2\/pages\/91\/revisions"}],"predecessor-version":[{"id":364,"href":"https:\/\/pimeo.org.pl\/index.php\/wp-json\/wp\/v2\/pages\/91\/revisions\/364"}],"up":[{"embeddable":true,"href":"https:\/\/pimeo.org.pl\/index.php\/wp-json\/wp\/v2\/pages\/81"}],"wp:attachment":[{"href":"https:\/\/pimeo.org.pl\/index.php\/wp-json\/wp\/v2\/media?parent=91"}],"curies":[{"name":"wp","href":"https:\/\/api.w.org\/{rel}","templated":true}]}}